{"id":8205,"date":"2025-01-29T12:01:19","date_gmt":"2025-01-29T12:01:19","guid":{"rendered":"https:\/\/pajarita.com\/producto\/muelle-para-tijera-ref-1042-2\/"},"modified":"2025-05-28T16:33:08","modified_gmt":"2025-05-28T16:33:08","slug":"muelle-para-tijera-ref-1042","status":"publish","type":"product","link":"https:\/\/pajarita.com\/fr\/producto\/muelle-para-tijera-ref-1042\/","title":{"rendered":"Ressort REF. 1041<span class=\"codevz-product-category-after-title\">Pi\u00e8ces d\u00e9tach\u00e9es<\/span>"},"content":{"rendered":"","protected":false},"excerpt":{"rendered":"","protected":false},"featured_media":5360,"template":"","meta":[],"product_brand":[],"product_cat":[535,676],"product_tag":[],"class_list":{"0":"post-8205","1":"product","2":"type-product","3":"status-publish","4":"has-post-thumbnail","6":"product_cat-pieces-detachees","7":"product_cat-pieces-detachees-pour-ciseaux","9":"first","10":"instock","11":"shipping-taxable","12":"product-type-simple"},"_links":{"self":[{"href":"https:\/\/pajarita.com\/fr\/wp-json\/wp\/v2\/product\/8205","targetHints":{"allow":["GET"]}}],"collection":[{"href":"https:\/\/pajarita.com\/fr\/wp-json\/wp\/v2\/product"}],"about":[{"href":"https:\/\/pajarita.com\/fr\/wp-json\/wp\/v2\/types\/product"}],"version-history":[{"count":2,"href":"https:\/\/pajarita.com\/fr\/wp-json\/wp\/v2\/product\/8205\/revisions"}],"predecessor-version":[{"id":9458,"href":"https:\/\/pajarita.com\/fr\/wp-json\/wp\/v2\/product\/8205\/revisions\/9458"}],"wp:featuredmedia":[{"embeddable":true,"href":"https:\/\/pajarita.com\/fr\/wp-json\/wp\/v2\/media\/5360"}],"wp:attachment":[{"href":"https:\/\/pajarita.com\/fr\/wp-json\/wp\/v2\/media?parent=8205"}],"wp:term":[{"taxonomy":"product_brand","embeddable":true,"href":"https:\/\/pajarita.com\/fr\/wp-json\/wp\/v2\/product_brand?post=8205"},{"taxonomy":"product_cat","embeddable":true,"href":"https:\/\/pajarita.com\/fr\/wp-json\/wp\/v2\/product_cat?post=8205"},{"taxonomy":"product_tag","embeddable":true,"href":"https:\/\/pajarita.com\/fr\/wp-json\/wp\/v2\/product_tag?post=8205"}],"curies":[{"name":"wp","href":"https:\/\/api.w.org\/{rel}","templated":true}]}}