{"id":8114,"date":"2025-01-29T12:00:18","date_gmt":"2025-01-29T12:00:18","guid":{"rendered":"https:\/\/pajarita.com\/producto\/hoz-de-diente-modelo-mali-costa-de-marfil-sudan\/"},"modified":"2025-05-29T10:56:56","modified_gmt":"2025-05-29T10:56:56","slug":"hoz-de-diente-modelo-mali-costa-de-marfil-sudan","status":"publish","type":"product","link":"https:\/\/pajarita.com\/fr\/producto\/hoz-de-diente-modelo-mali-costa-de-marfil-sudan\/","title":{"rendered":"Faucille dentel\u00e9e Mod\u00e8le Mali &#8211; C\u00f4te d&rsquo;Ivoire &#8211; Soudan<span class=\"codevz-product-category-after-title\">Afrique<\/span>"},"content":{"rendered":"","protected":false},"excerpt":{"rendered":"","protected":false},"featured_media":4355,"template":"","meta":[],"product_brand":[],"product_cat":[1199,119],"product_tag":[],"class_list":{"0":"post-8114","1":"product","2":"type-product","3":"status-publish","4":"has-post-thumbnail","6":"codevz_brands-africa-fr","7":"product_cat-afrique","8":"product_cat-faucilles-dentelees","10":"first","11":"instock","12":"shipping-taxable","13":"product-type-simple"},"_links":{"self":[{"href":"https:\/\/pajarita.com\/fr\/wp-json\/wp\/v2\/product\/8114","targetHints":{"allow":["GET"]}}],"collection":[{"href":"https:\/\/pajarita.com\/fr\/wp-json\/wp\/v2\/product"}],"about":[{"href":"https:\/\/pajarita.com\/fr\/wp-json\/wp\/v2\/types\/product"}],"version-history":[{"count":2,"href":"https:\/\/pajarita.com\/fr\/wp-json\/wp\/v2\/product\/8114\/revisions"}],"predecessor-version":[{"id":9719,"href":"https:\/\/pajarita.com\/fr\/wp-json\/wp\/v2\/product\/8114\/revisions\/9719"}],"wp:featuredmedia":[{"embeddable":true,"href":"https:\/\/pajarita.com\/fr\/wp-json\/wp\/v2\/media\/4355"}],"wp:attachment":[{"href":"https:\/\/pajarita.com\/fr\/wp-json\/wp\/v2\/media?parent=8114"}],"wp:term":[{"taxonomy":"product_brand","embeddable":true,"href":"https:\/\/pajarita.com\/fr\/wp-json\/wp\/v2\/product_brand?post=8114"},{"taxonomy":"product_cat","embeddable":true,"href":"https:\/\/pajarita.com\/fr\/wp-json\/wp\/v2\/product_cat?post=8114"},{"taxonomy":"product_tag","embeddable":true,"href":"https:\/\/pajarita.com\/fr\/wp-json\/wp\/v2\/product_tag?post=8114"}],"curies":[{"name":"wp","href":"https:\/\/api.w.org\/{rel}","templated":true}]}}