{"id":8054,"date":"2025-01-29T12:00:20","date_gmt":"2025-01-29T12:00:20","guid":{"rendered":"https:\/\/pajarita.com\/producto\/hoz-de-diente-modelo-oman-kuwait\/"},"modified":"2025-05-29T10:31:57","modified_gmt":"2025-05-29T10:31:57","slug":"hoz-de-diente-modelo-oman-kuwait","status":"publish","type":"product","link":"https:\/\/pajarita.com\/fr\/producto\/hoz-de-diente-modelo-oman-kuwait\/","title":{"rendered":"Faucille dentel\u00e9e Mod\u00e8le Jordanie &#8211; Irak &#8211; Y\u00e9men<span class=\"codevz-product-category-after-title\">Faucilles dentel\u00e9es<\/span>"},"content":{"rendered":"","protected":false},"excerpt":{"rendered":"","protected":false},"featured_media":4419,"template":"","meta":[],"product_brand":[],"product_cat":[119,1185],"product_tag":[],"class_list":{"0":"post-8054","1":"product","2":"type-product","3":"status-publish","4":"has-post-thumbnail","6":"codevz_brands-oriente-medio-fr","7":"product_cat-faucilles-dentelees","8":"product_cat-moyen-orient","10":"first","11":"instock","12":"shipping-taxable","13":"product-type-simple"},"_links":{"self":[{"href":"https:\/\/pajarita.com\/fr\/wp-json\/wp\/v2\/product\/8054","targetHints":{"allow":["GET"]}}],"collection":[{"href":"https:\/\/pajarita.com\/fr\/wp-json\/wp\/v2\/product"}],"about":[{"href":"https:\/\/pajarita.com\/fr\/wp-json\/wp\/v2\/types\/product"}],"version-history":[{"count":3,"href":"https:\/\/pajarita.com\/fr\/wp-json\/wp\/v2\/product\/8054\/revisions"}],"predecessor-version":[{"id":9697,"href":"https:\/\/pajarita.com\/fr\/wp-json\/wp\/v2\/product\/8054\/revisions\/9697"}],"wp:featuredmedia":[{"embeddable":true,"href":"https:\/\/pajarita.com\/fr\/wp-json\/wp\/v2\/media\/4419"}],"wp:attachment":[{"href":"https:\/\/pajarita.com\/fr\/wp-json\/wp\/v2\/media?parent=8054"}],"wp:term":[{"taxonomy":"product_brand","embeddable":true,"href":"https:\/\/pajarita.com\/fr\/wp-json\/wp\/v2\/product_brand?post=8054"},{"taxonomy":"product_cat","embeddable":true,"href":"https:\/\/pajarita.com\/fr\/wp-json\/wp\/v2\/product_cat?post=8054"},{"taxonomy":"product_tag","embeddable":true,"href":"https:\/\/pajarita.com\/fr\/wp-json\/wp\/v2\/product_tag?post=8054"}],"curies":[{"name":"wp","href":"https:\/\/api.w.org\/{rel}","templated":true}]}}