{"id":8018,"date":"2025-01-29T12:00:27","date_gmt":"2025-01-29T12:00:27","guid":{"rendered":"https:\/\/pajarita.com\/producto\/guadana-modelo-400\/"},"modified":"2025-05-29T10:14:50","modified_gmt":"2025-05-29T10:14:50","slug":"guadana-modelo-400","status":"publish","type":"product","link":"https:\/\/pajarita.com\/fr\/producto\/guadana-modelo-400\/","title":{"rendered":"Faucille dentel\u00e9e Mod\u00e8le \u00cele de La R\u00e9union<span class=\"codevz-product-category-after-title\">Faucilles dentel\u00e9es<\/span>"},"content":{"rendered":"","protected":false},"excerpt":{"rendered":"","protected":false},"featured_media":4542,"template":"","meta":[],"product_brand":[],"product_cat":[119,1162],"product_tag":[],"class_list":{"0":"post-8018","1":"product","2":"type-product","3":"status-publish","4":"has-post-thumbnail","6":"codevz_brands-mauricio-reunion-fidji-fr","7":"product_cat-faucilles-dentelees","8":"product_cat-ile-maurice-la-reunion-fidji","10":"first","11":"instock","12":"featured","13":"shipping-taxable","14":"product-type-simple"},"_links":{"self":[{"href":"https:\/\/pajarita.com\/fr\/wp-json\/wp\/v2\/product\/8018","targetHints":{"allow":["GET"]}}],"collection":[{"href":"https:\/\/pajarita.com\/fr\/wp-json\/wp\/v2\/product"}],"about":[{"href":"https:\/\/pajarita.com\/fr\/wp-json\/wp\/v2\/types\/product"}],"version-history":[{"count":2,"href":"https:\/\/pajarita.com\/fr\/wp-json\/wp\/v2\/product\/8018\/revisions"}],"predecessor-version":[{"id":9679,"href":"https:\/\/pajarita.com\/fr\/wp-json\/wp\/v2\/product\/8018\/revisions\/9679"}],"wp:featuredmedia":[{"embeddable":true,"href":"https:\/\/pajarita.com\/fr\/wp-json\/wp\/v2\/media\/4542"}],"wp:attachment":[{"href":"https:\/\/pajarita.com\/fr\/wp-json\/wp\/v2\/media?parent=8018"}],"wp:term":[{"taxonomy":"product_brand","embeddable":true,"href":"https:\/\/pajarita.com\/fr\/wp-json\/wp\/v2\/product_brand?post=8018"},{"taxonomy":"product_cat","embeddable":true,"href":"https:\/\/pajarita.com\/fr\/wp-json\/wp\/v2\/product_cat?post=8018"},{"taxonomy":"product_tag","embeddable":true,"href":"https:\/\/pajarita.com\/fr\/wp-json\/wp\/v2\/product_tag?post=8018"}],"curies":[{"name":"wp","href":"https:\/\/api.w.org\/{rel}","templated":true}]}}