{"id":8015,"date":"2025-01-29T12:00:27","date_gmt":"2025-01-29T12:00:27","guid":{"rendered":"https:\/\/pajarita.com\/producto\/hoz-de-diente-modelo-reunion\/"},"modified":"2025-05-29T10:13:55","modified_gmt":"2025-05-29T10:13:55","slug":"hoz-de-diente-modelo-reunion","status":"publish","type":"product","link":"https:\/\/pajarita.com\/fr\/producto\/hoz-de-diente-modelo-reunion\/","title":{"rendered":"Faucille dentel\u00e9e Mod\u00e8le \u00cele Maurice &#8211; \u00celes Fidji<span class=\"codevz-product-category-after-title\">Faucilles dentel\u00e9es<\/span>"},"content":{"rendered":"","protected":false},"excerpt":{"rendered":"","protected":false},"featured_media":4537,"template":"","meta":[],"product_brand":[],"product_cat":[119,1162],"product_tag":[],"class_list":{"0":"post-8015","1":"product","2":"type-product","3":"status-publish","4":"has-post-thumbnail","6":"codevz_brands-mauricio-reunion-fidji-fr","7":"product_cat-faucilles-dentelees","8":"product_cat-ile-maurice-la-reunion-fidji","10":"first","11":"instock","12":"shipping-taxable","13":"product-type-simple"},"_links":{"self":[{"href":"https:\/\/pajarita.com\/fr\/wp-json\/wp\/v2\/product\/8015","targetHints":{"allow":["GET"]}}],"collection":[{"href":"https:\/\/pajarita.com\/fr\/wp-json\/wp\/v2\/product"}],"about":[{"href":"https:\/\/pajarita.com\/fr\/wp-json\/wp\/v2\/types\/product"}],"version-history":[{"count":2,"href":"https:\/\/pajarita.com\/fr\/wp-json\/wp\/v2\/product\/8015\/revisions"}],"predecessor-version":[{"id":9678,"href":"https:\/\/pajarita.com\/fr\/wp-json\/wp\/v2\/product\/8015\/revisions\/9678"}],"wp:featuredmedia":[{"embeddable":true,"href":"https:\/\/pajarita.com\/fr\/wp-json\/wp\/v2\/media\/4537"}],"wp:attachment":[{"href":"https:\/\/pajarita.com\/fr\/wp-json\/wp\/v2\/media?parent=8015"}],"wp:term":[{"taxonomy":"product_brand","embeddable":true,"href":"https:\/\/pajarita.com\/fr\/wp-json\/wp\/v2\/product_brand?post=8015"},{"taxonomy":"product_cat","embeddable":true,"href":"https:\/\/pajarita.com\/fr\/wp-json\/wp\/v2\/product_cat?post=8015"},{"taxonomy":"product_tag","embeddable":true,"href":"https:\/\/pajarita.com\/fr\/wp-json\/wp\/v2\/product_tag?post=8015"}],"curies":[{"name":"wp","href":"https:\/\/api.w.org\/{rel}","templated":true}]}}