{"id":8012,"date":"2025-01-29T12:00:27","date_gmt":"2025-01-29T12:00:27","guid":{"rendered":"https:\/\/pajarita.com\/producto\/hoz-de-diente-modelo-mauricio-fidji\/"},"modified":"2025-05-29T10:12:24","modified_gmt":"2025-05-29T10:12:24","slug":"hoz-de-diente-modelo-mauricio-fidji","status":"publish","type":"product","link":"https:\/\/pajarita.com\/fr\/producto\/hoz-de-diente-modelo-mauricio-fidji\/","title":{"rendered":"Faucille dentel\u00e9e Mod\u00e8le Vi\u00eat Nam &#8211; Sri Lanka<span class=\"codevz-product-category-after-title\">Asie<\/span>"},"content":{"rendered":"","protected":false},"excerpt":{"rendered":"","protected":false},"featured_media":4532,"template":"","meta":[],"product_brand":[],"product_cat":[1153,119],"product_tag":[],"class_list":{"0":"post-8012","1":"product","2":"type-product","3":"status-publish","4":"has-post-thumbnail","6":"codevz_brands-asia-fr","7":"product_cat-asie","8":"product_cat-faucilles-dentelees","10":"first","11":"instock","12":"shipping-taxable","13":"product-type-simple"},"_links":{"self":[{"href":"https:\/\/pajarita.com\/fr\/wp-json\/wp\/v2\/product\/8012","targetHints":{"allow":["GET"]}}],"collection":[{"href":"https:\/\/pajarita.com\/fr\/wp-json\/wp\/v2\/product"}],"about":[{"href":"https:\/\/pajarita.com\/fr\/wp-json\/wp\/v2\/types\/product"}],"version-history":[{"count":2,"href":"https:\/\/pajarita.com\/fr\/wp-json\/wp\/v2\/product\/8012\/revisions"}],"predecessor-version":[{"id":9677,"href":"https:\/\/pajarita.com\/fr\/wp-json\/wp\/v2\/product\/8012\/revisions\/9677"}],"wp:featuredmedia":[{"embeddable":true,"href":"https:\/\/pajarita.com\/fr\/wp-json\/wp\/v2\/media\/4532"}],"wp:attachment":[{"href":"https:\/\/pajarita.com\/fr\/wp-json\/wp\/v2\/media?parent=8012"}],"wp:term":[{"taxonomy":"product_brand","embeddable":true,"href":"https:\/\/pajarita.com\/fr\/wp-json\/wp\/v2\/product_brand?post=8012"},{"taxonomy":"product_cat","embeddable":true,"href":"https:\/\/pajarita.com\/fr\/wp-json\/wp\/v2\/product_cat?post=8012"},{"taxonomy":"product_tag","embeddable":true,"href":"https:\/\/pajarita.com\/fr\/wp-json\/wp\/v2\/product_tag?post=8012"}],"curies":[{"name":"wp","href":"https:\/\/api.w.org\/{rel}","templated":true}]}}