{"id":7052,"date":"2025-01-29T12:01:19","date_gmt":"2025-01-29T12:01:19","guid":{"rendered":"https:\/\/pajarita.com\/producto\/le-printemps-des-ciseaux-ref-2010\/"},"modified":"2025-05-28T16:26:11","modified_gmt":"2025-05-28T16:26:11","slug":"le-printemps-des-ciseaux-ref-2010","status":"publish","type":"product","link":"https:\/\/pajarita.com\/fr\/producto\/le-printemps-des-ciseaux-ref-2010\/","title":{"rendered":"Ressort pour s\u00e9cateur  REF. 2010<span class=\"codevz-product-category-after-title\">Pi\u00e8ces d\u00e9tach\u00e9es<\/span>"},"content":{"rendered":"","protected":false},"excerpt":{"rendered":"","protected":false},"featured_media":5345,"template":"","meta":[],"product_brand":[],"product_cat":[535,676],"product_tag":[],"class_list":{"0":"post-7052","1":"product","2":"type-product","3":"status-publish","4":"has-post-thumbnail","6":"product_cat-pieces-detachees","7":"product_cat-pieces-detachees-pour-ciseaux","9":"first","10":"instock","11":"shipping-taxable","12":"product-type-simple"},"_links":{"self":[{"href":"https:\/\/pajarita.com\/fr\/wp-json\/wp\/v2\/product\/7052","targetHints":{"allow":["GET"]}}],"collection":[{"href":"https:\/\/pajarita.com\/fr\/wp-json\/wp\/v2\/product"}],"about":[{"href":"https:\/\/pajarita.com\/fr\/wp-json\/wp\/v2\/types\/product"}],"version-history":[{"count":3,"href":"https:\/\/pajarita.com\/fr\/wp-json\/wp\/v2\/product\/7052\/revisions"}],"predecessor-version":[{"id":9451,"href":"https:\/\/pajarita.com\/fr\/wp-json\/wp\/v2\/product\/7052\/revisions\/9451"}],"wp:featuredmedia":[{"embeddable":true,"href":"https:\/\/pajarita.com\/fr\/wp-json\/wp\/v2\/media\/5345"}],"wp:attachment":[{"href":"https:\/\/pajarita.com\/fr\/wp-json\/wp\/v2\/media?parent=7052"}],"wp:term":[{"taxonomy":"product_brand","embeddable":true,"href":"https:\/\/pajarita.com\/fr\/wp-json\/wp\/v2\/product_brand?post=7052"},{"taxonomy":"product_cat","embeddable":true,"href":"https:\/\/pajarita.com\/fr\/wp-json\/wp\/v2\/product_cat?post=7052"},{"taxonomy":"product_tag","embeddable":true,"href":"https:\/\/pajarita.com\/fr\/wp-json\/wp\/v2\/product_tag?post=7052"}],"curies":[{"name":"wp","href":"https:\/\/api.w.org\/{rel}","templated":true}]}}