{"id":7007,"date":"2025-01-29T12:01:20","date_gmt":"2025-01-29T12:01:20","guid":{"rendered":"https:\/\/pajarita.com\/producto\/vis-ecrou-ref-2009-2010\/"},"modified":"2025-03-19T14:20:45","modified_gmt":"2025-03-19T13:20:45","slug":"vis-ecrou-ref-2009-2010","status":"publish","type":"product","link":"https:\/\/pajarita.com\/fr\/producto\/vis-ecrou-ref-2009-2010\/","title":{"rendered":"Vis + Ecrou REF. 2009 &#8211; 2010<span class=\"codevz-product-category-after-title\">Pi\u00e8ces d\u00e9tach\u00e9es<\/span>"},"content":{"rendered":"","protected":false},"excerpt":{"rendered":"","protected":false},"featured_media":5375,"template":"","meta":[],"product_brand":[],"product_cat":[535,676],"product_tag":[],"class_list":{"0":"post-7007","1":"product","2":"type-product","3":"status-publish","4":"has-post-thumbnail","6":"product_cat-pieces-detachees","7":"product_cat-pieces-detachees-pour-ciseaux","9":"first","10":"instock","11":"shipping-taxable","12":"product-type-simple"},"_links":{"self":[{"href":"https:\/\/pajarita.com\/fr\/wp-json\/wp\/v2\/product\/7007","targetHints":{"allow":["GET"]}}],"collection":[{"href":"https:\/\/pajarita.com\/fr\/wp-json\/wp\/v2\/product"}],"about":[{"href":"https:\/\/pajarita.com\/fr\/wp-json\/wp\/v2\/types\/product"}],"version-history":[{"count":1,"href":"https:\/\/pajarita.com\/fr\/wp-json\/wp\/v2\/product\/7007\/revisions"}],"predecessor-version":[{"id":7009,"href":"https:\/\/pajarita.com\/fr\/wp-json\/wp\/v2\/product\/7007\/revisions\/7009"}],"wp:featuredmedia":[{"embeddable":true,"href":"https:\/\/pajarita.com\/fr\/wp-json\/wp\/v2\/media\/5375"}],"wp:attachment":[{"href":"https:\/\/pajarita.com\/fr\/wp-json\/wp\/v2\/media?parent=7007"}],"wp:term":[{"taxonomy":"product_brand","embeddable":true,"href":"https:\/\/pajarita.com\/fr\/wp-json\/wp\/v2\/product_brand?post=7007"},{"taxonomy":"product_cat","embeddable":true,"href":"https:\/\/pajarita.com\/fr\/wp-json\/wp\/v2\/product_cat?post=7007"},{"taxonomy":"product_tag","embeddable":true,"href":"https:\/\/pajarita.com\/fr\/wp-json\/wp\/v2\/product_tag?post=7007"}],"curies":[{"name":"wp","href":"https:\/\/api.w.org\/{rel}","templated":true}]}}