{"id":6768,"date":"2025-01-29T12:01:37","date_gmt":"2025-01-29T12:01:37","guid":{"rendered":"https:\/\/pajarita.com\/producto\/ressort-70-mm\/"},"modified":"2025-03-19T14:20:45","modified_gmt":"2025-03-19T13:20:45","slug":"ressort-70-mm","status":"publish","type":"product","link":"https:\/\/pajarita.com\/fr\/producto\/ressort-70-mm\/","title":{"rendered":"Ressort 70 mm<span class=\"codevz-product-category-after-title\">Pi\u00e8ces d\u00e9tach\u00e9es<\/span>"},"content":{"rendered":"","protected":false},"excerpt":{"rendered":"","protected":false},"featured_media":5629,"template":"","meta":[],"product_brand":[],"product_cat":[535,676],"product_tag":[],"class_list":{"0":"post-6768","1":"product","2":"type-product","3":"status-publish","4":"has-post-thumbnail","6":"product_cat-pieces-detachees","7":"product_cat-pieces-detachees-pour-ciseaux","9":"first","10":"instock","11":"shipping-taxable","12":"product-type-simple"},"_links":{"self":[{"href":"https:\/\/pajarita.com\/fr\/wp-json\/wp\/v2\/product\/6768","targetHints":{"allow":["GET"]}}],"collection":[{"href":"https:\/\/pajarita.com\/fr\/wp-json\/wp\/v2\/product"}],"about":[{"href":"https:\/\/pajarita.com\/fr\/wp-json\/wp\/v2\/types\/product"}],"version-history":[{"count":1,"href":"https:\/\/pajarita.com\/fr\/wp-json\/wp\/v2\/product\/6768\/revisions"}],"predecessor-version":[{"id":6770,"href":"https:\/\/pajarita.com\/fr\/wp-json\/wp\/v2\/product\/6768\/revisions\/6770"}],"wp:featuredmedia":[{"embeddable":true,"href":"https:\/\/pajarita.com\/fr\/wp-json\/wp\/v2\/media\/5629"}],"wp:attachment":[{"href":"https:\/\/pajarita.com\/fr\/wp-json\/wp\/v2\/media?parent=6768"}],"wp:term":[{"taxonomy":"product_brand","embeddable":true,"href":"https:\/\/pajarita.com\/fr\/wp-json\/wp\/v2\/product_brand?post=6768"},{"taxonomy":"product_cat","embeddable":true,"href":"https:\/\/pajarita.com\/fr\/wp-json\/wp\/v2\/product_cat?post=6768"},{"taxonomy":"product_tag","embeddable":true,"href":"https:\/\/pajarita.com\/fr\/wp-json\/wp\/v2\/product_tag?post=6768"}],"curies":[{"name":"wp","href":"https:\/\/api.w.org\/{rel}","templated":true}]}}