{"id":6718,"date":"2025-01-29T12:01:36","date_gmt":"2025-01-29T12:01:36","guid":{"rendered":"https:\/\/pajarita.com\/producto\/scie-telescopique-professionnelle-avec-lame-a-2-niveaux-1-metre\/"},"modified":"2025-03-19T14:20:45","modified_gmt":"2025-03-19T13:20:45","slug":"scie-telescopique-professionnelle-avec-lame-a-2-niveaux-1-metre","status":"publish","type":"product","link":"https:\/\/pajarita.com\/fr\/producto\/scie-telescopique-professionnelle-avec-lame-a-2-niveaux-1-metre\/","title":{"rendered":"Scie t\u00e9lescopique professionnelle avec lame \u00e0 2 niveaux &#8211; 1 m\u00e8tre<span class=\"codevz-product-category-after-title\">Scies professionnelles<\/span>"},"content":{"rendered":"","protected":false},"excerpt":{"rendered":"","protected":false},"featured_media":5624,"template":"","meta":[],"product_brand":[],"product_cat":[667],"product_tag":[],"class_list":{"0":"post-6718","1":"product","2":"type-product","3":"status-publish","4":"has-post-thumbnail","6":"product_cat-scies-professionnelles","8":"first","9":"instock","10":"shipping-taxable","11":"product-type-simple"},"_links":{"self":[{"href":"https:\/\/pajarita.com\/fr\/wp-json\/wp\/v2\/product\/6718","targetHints":{"allow":["GET"]}}],"collection":[{"href":"https:\/\/pajarita.com\/fr\/wp-json\/wp\/v2\/product"}],"about":[{"href":"https:\/\/pajarita.com\/fr\/wp-json\/wp\/v2\/types\/product"}],"version-history":[{"count":1,"href":"https:\/\/pajarita.com\/fr\/wp-json\/wp\/v2\/product\/6718\/revisions"}],"predecessor-version":[{"id":6720,"href":"https:\/\/pajarita.com\/fr\/wp-json\/wp\/v2\/product\/6718\/revisions\/6720"}],"wp:featuredmedia":[{"embeddable":true,"href":"https:\/\/pajarita.com\/fr\/wp-json\/wp\/v2\/media\/5624"}],"wp:attachment":[{"href":"https:\/\/pajarita.com\/fr\/wp-json\/wp\/v2\/media?parent=6718"}],"wp:term":[{"taxonomy":"product_brand","embeddable":true,"href":"https:\/\/pajarita.com\/fr\/wp-json\/wp\/v2\/product_brand?post=6718"},{"taxonomy":"product_cat","embeddable":true,"href":"https:\/\/pajarita.com\/fr\/wp-json\/wp\/v2\/product_cat?post=6718"},{"taxonomy":"product_tag","embeddable":true,"href":"https:\/\/pajarita.com\/fr\/wp-json\/wp\/v2\/product_tag?post=6718"}],"curies":[{"name":"wp","href":"https:\/\/api.w.org\/{rel}","templated":true}]}}