{"id":6457,"date":"2025-01-29T12:01:49","date_gmt":"2025-01-29T12:01:49","guid":{"rendered":"https:\/\/pajarita.com\/producto\/construction-legona-la-pajarita-poignee-metallique-complete\/"},"modified":"2025-05-28T15:38:50","modified_gmt":"2025-05-28T15:38:50","slug":"construction-legona-la-pajarita-poignee-metallique-complete","status":"publish","type":"product","link":"https:\/\/pajarita.com\/fr\/producto\/construction-legona-la-pajarita-poignee-metallique-complete\/","title":{"rendered":"B\u00eache Construction La Pajarita poign\u00e9e m\u00e9tallique compl\u00e8te<span class=\"codevz-product-category-after-title\">Autres outils<\/span>"},"content":{"rendered":"","protected":false},"excerpt":{"rendered":"","protected":false},"featured_media":5907,"template":"","meta":[],"product_brand":[],"product_cat":[437,449],"product_tag":[],"class_list":{"0":"post-6457","1":"product","2":"type-product","3":"status-publish","4":"has-post-thumbnail","6":"product_cat-autres-outils","7":"product_cat-beche-legonas-fr","9":"first","10":"instock","11":"shipping-taxable","12":"product-type-simple"},"_links":{"self":[{"href":"https:\/\/pajarita.com\/fr\/wp-json\/wp\/v2\/product\/6457","targetHints":{"allow":["GET"]}}],"collection":[{"href":"https:\/\/pajarita.com\/fr\/wp-json\/wp\/v2\/product"}],"about":[{"href":"https:\/\/pajarita.com\/fr\/wp-json\/wp\/v2\/types\/product"}],"version-history":[{"count":2,"href":"https:\/\/pajarita.com\/fr\/wp-json\/wp\/v2\/product\/6457\/revisions"}],"predecessor-version":[{"id":9410,"href":"https:\/\/pajarita.com\/fr\/wp-json\/wp\/v2\/product\/6457\/revisions\/9410"}],"wp:featuredmedia":[{"embeddable":true,"href":"https:\/\/pajarita.com\/fr\/wp-json\/wp\/v2\/media\/5907"}],"wp:attachment":[{"href":"https:\/\/pajarita.com\/fr\/wp-json\/wp\/v2\/media?parent=6457"}],"wp:term":[{"taxonomy":"product_brand","embeddable":true,"href":"https:\/\/pajarita.com\/fr\/wp-json\/wp\/v2\/product_brand?post=6457"},{"taxonomy":"product_cat","embeddable":true,"href":"https:\/\/pajarita.com\/fr\/wp-json\/wp\/v2\/product_cat?post=6457"},{"taxonomy":"product_tag","embeddable":true,"href":"https:\/\/pajarita.com\/fr\/wp-json\/wp\/v2\/product_tag?post=6457"}],"curies":[{"name":"wp","href":"https:\/\/api.w.org\/{rel}","templated":true}]}}