{"id":6158,"date":"2025-02-05T17:53:26","date_gmt":"2025-02-05T17:53:26","guid":{"rendered":"https:\/\/pajarita.ibiscomputer.support\/produits\/"},"modified":"2025-02-19T10:27:07","modified_gmt":"2025-02-19T10:27:07","slug":"produits","status":"publish","type":"page","link":"https:\/\/pajarita.com\/fr\/produits\/","title":{"rendered":"Produits"},"content":{"rendered":"\t\t<div data-elementor-type=\"wp-page\" data-elementor-id=\"6158\" class=\"elementor elementor-6158 elementor-6026\" data-elementor-post-type=\"page\">\n\t\t\t\t<div class=\"elementor-element elementor-element-e66cf76 e-grid e-con-boxed e-con e-parent\" data-id=\"e66cf76\" data-element_type=\"container\">\n\t\t\t\t\t<div class=\"e-con-inner\">\n\t\t\t\t<div class=\"elementor-element elementor-element-9e011b3 elementor-grid-1 elementor-grid-tablet-1 elementor-grid-mobile-1 elementor-products-grid elementor-wc-products elementor-widget elementor-widget-wc-categories\" data-id=\"9e011b3\" data-element_type=\"widget\" data-widget_type=\"wc-categories.default\">\n\t\t\t\t<div class=\"elementor-widget-container\">\n\t\t\t\t\t<div class=\"woocommerce columns-1\"><ul class=\"products elementor-grid columns-1\">\n<li class=\"product-category product first\">\n\t<a aria-label=\"Acc\u00e9der \u00e0 la cat\u00e9gorie de produits Faucilles dentel\u00e9es\" href=\"https:\/\/pajarita.com\/fr\/categoria-producto\/faucilles-dentelees\/\"><img decoding=\"async\" src=\"data:image\/svg+xml,%3Csvg%20xmlns%3D&#39;http%3A%2F%2Fwww.w3.org%2F2000%2Fsvg&#39;%20width=&#39;600&#39;%20height=&#39;&#39;%20viewBox%3D&#39;0%200%20600%20&#39;%2F%3E\" data-czlz data-src=\"https:\/\/pajarita.com\/wp-content\/uploads\/2025\/01\/hoces-de-diente.jpg\" alt=\"Faucilles dentel\u00e9es\" width=\"600\" height=\"\" data-srcset=\"https:\/\/pajarita.com\/wp-content\/uploads\/2025\/01\/hoces-de-diente.jpg 220w, https:\/\/pajarita.com\/wp-content\/uploads\/2025\/01\/hoces-de-diente-206x300.jpg 206w\" data-sizes=\"(max-width: 220px) 100vw, 220px\" \/>\t\t<h2 class=\"woocommerce-loop-category__title\">\n\t\t\tFaucilles dentel\u00e9es <mark class=\"count\">(82)<\/mark>\t\t<\/h2>\n\t\t<\/a><\/li>\n<\/ul>\n<div id=\"cz_xtra_quick_view\" class=\"cz_xtra_quick_view\"><div id=\"xtra_quick_view\" class=\"cz_popup_modal clr\"><div class=\"cz_popup_in\"><div><\/div><\/div><i class=\"fa czico-198-cancel cz_close_popup\"><\/i><div class=\"cz_overlay\"><\/div><\/div><\/div><div id=\"cz_xtra_wish_compare\" class=\"cz_xtra_wish_compare\"><div id=\"xtra_wish_compare\" class=\"cz_popup_modal clr\"><div class=\"cz_popup_in\"><div><i class=\"fa fa-check\"><\/i><h3>...<\/h3><span>Product has been added to your list.<\/span><a href=\"#\" class=\"button\"><span><strong><\/strong><i class=\"fas fa-chevron-right\"><\/i><\/span><\/a><\/div><\/div><i class=\"fa czico-198-cancel cz_close_popup\"><\/i><div class=\"cz_overlay\"><\/div><\/div><\/div><div class=\"codevz-added-to-cart-notif\"><i class=\"fa fa-check\"><\/i><span>\"<strong><\/strong>\" has been added to your cart.<a class=\"button\" href=\"https:\/\/pajarita.com\/fr\/panier\/\">View cart<\/a><\/span><\/div><\/div>\t\t\t\t<\/div>\n\t\t\t\t<\/div>\n\t\t\t\t<div class=\"elementor-element elementor-element-47fb151 elementor-grid-1 elementor-grid-tablet-1 elementor-grid-mobile-1 elementor-products-grid elementor-wc-products elementor-widget elementor-widget-wc-categories\" data-id=\"47fb151\" data-element_type=\"widget\" data-widget_type=\"wc-categories.default\">\n\t\t\t\t<div class=\"elementor-widget-container\">\n\t\t\t\t\t<div class=\"woocommerce columns-1\"><ul class=\"products elementor-grid columns-1\">\n<li class=\"product-category product first\">\n\t<a aria-label=\"Acc\u00e9der \u00e0 la cat\u00e9gorie de produits Faucilles \u00e0 fil\" href=\"https:\/\/pajarita.com\/fr\/categoria-producto\/faucilles-a-fil\/\"><img decoding=\"async\" src=\"data:image\/svg+xml,%3Csvg%20xmlns%3D&#39;http%3A%2F%2Fwww.w3.org%2F2000%2Fsvg&#39;%20width=&#39;600&#39;%20height=&#39;&#39;%20viewBox%3D&#39;0%200%20600%20&#39;%2F%3E\" data-czlz data-src=\"https:\/\/pajarita.com\/wp-content\/uploads\/2025\/01\/hoces-de-filo.jpg\" alt=\"Faucilles \u00e0 fil\" width=\"600\" height=\"\" data-srcset=\"https:\/\/pajarita.com\/wp-content\/uploads\/2025\/01\/hoces-de-filo.jpg 220w, https:\/\/pajarita.com\/wp-content\/uploads\/2025\/01\/hoces-de-filo-206x300.jpg 206w\" data-sizes=\"(max-width: 220px) 100vw, 220px\" \/>\t\t<h2 class=\"woocommerce-loop-category__title\">\n\t\t\tFaucilles \u00e0 fil <mark class=\"count\">(15)<\/mark>\t\t<\/h2>\n\t\t<\/a><\/li>\n<\/ul>\n<div id=\"cz_xtra_quick_view\" class=\"cz_xtra_quick_view\"><div id=\"xtra_quick_view\" class=\"cz_popup_modal clr\"><div class=\"cz_popup_in\"><div><\/div><\/div><i class=\"fa czico-198-cancel cz_close_popup\"><\/i><div class=\"cz_overlay\"><\/div><\/div><\/div><div id=\"cz_xtra_wish_compare\" class=\"cz_xtra_wish_compare\"><div id=\"xtra_wish_compare\" class=\"cz_popup_modal clr\"><div class=\"cz_popup_in\"><div><i class=\"fa fa-check\"><\/i><h3>...<\/h3><span>Product has been added to your list.<\/span><a href=\"#\" class=\"button\"><span><strong><\/strong><i class=\"fas fa-chevron-right\"><\/i><\/span><\/a><\/div><\/div><i class=\"fa czico-198-cancel cz_close_popup\"><\/i><div class=\"cz_overlay\"><\/div><\/div><\/div><div class=\"codevz-added-to-cart-notif\"><i class=\"fa fa-check\"><\/i><span>\"<strong><\/strong>\" has been added to your cart.<a class=\"button\" href=\"https:\/\/pajarita.com\/fr\/panier\/\">View cart<\/a><\/span><\/div><\/div>\t\t\t\t<\/div>\n\t\t\t\t<\/div>\n\t\t\t\t<div class=\"elementor-element elementor-element-c9ac516 elementor-grid-1 elementor-grid-tablet-1 elementor-grid-mobile-1 elementor-products-grid elementor-wc-products elementor-widget elementor-widget-wc-categories\" data-id=\"c9ac516\" data-element_type=\"widget\" data-widget_type=\"wc-categories.default\">\n\t\t\t\t<div class=\"elementor-widget-container\">\n\t\t\t\t\t<div class=\"woocommerce columns-1\"><ul class=\"products elementor-grid columns-1\">\n<li class=\"product-category product first\">\n\t<a aria-label=\"Acc\u00e9der \u00e0 la cat\u00e9gorie de produits S\u00e9cateurs et Ciseaux\" href=\"https:\/\/pajarita.com\/fr\/categoria-producto\/secateurs-et-ciseaux\/\"><img decoding=\"async\" src=\"data:image\/svg+xml,%3Csvg%20xmlns%3D&#39;http%3A%2F%2Fwww.w3.org%2F2000%2Fsvg&#39;%20width=&#39;600&#39;%20height=&#39;&#39;%20viewBox%3D&#39;0%200%20600%20&#39;%2F%3E\" data-czlz data-src=\"https:\/\/pajarita.com\/wp-content\/uploads\/2025\/03\/copia_1_2009-18cm-sin-sombra-597x600-1.jpg\" alt=\"S\u00e9cateurs et Ciseaux\" width=\"600\" height=\"\" data-srcset=\"https:\/\/pajarita.com\/wp-content\/uploads\/2025\/03\/copia_1_2009-18cm-sin-sombra-597x600-1.jpg 597w, https:\/\/pajarita.com\/wp-content\/uploads\/2025\/03\/copia_1_2009-18cm-sin-sombra-597x600-1-100x100.jpg 100w, https:\/\/pajarita.com\/wp-content\/uploads\/2025\/03\/copia_1_2009-18cm-sin-sombra-597x600-1-150x150.jpg 150w\" data-sizes=\"(max-width: 597px) 100vw, 597px\" \/>\t\t<h2 class=\"woocommerce-loop-category__title\">\n\t\t\tS\u00e9cateurs et Ciseaux <mark class=\"count\">(52)<\/mark>\t\t<\/h2>\n\t\t<\/a><\/li>\n<\/ul>\n<div id=\"cz_xtra_quick_view\" class=\"cz_xtra_quick_view\"><div id=\"xtra_quick_view\" class=\"cz_popup_modal clr\"><div class=\"cz_popup_in\"><div><\/div><\/div><i class=\"fa czico-198-cancel cz_close_popup\"><\/i><div class=\"cz_overlay\"><\/div><\/div><\/div><div id=\"cz_xtra_wish_compare\" class=\"cz_xtra_wish_compare\"><div id=\"xtra_wish_compare\" class=\"cz_popup_modal clr\"><div class=\"cz_popup_in\"><div><i class=\"fa fa-check\"><\/i><h3>...<\/h3><span>Product has been added to your list.<\/span><a href=\"#\" class=\"button\"><span><strong><\/strong><i class=\"fas fa-chevron-right\"><\/i><\/span><\/a><\/div><\/div><i class=\"fa czico-198-cancel cz_close_popup\"><\/i><div class=\"cz_overlay\"><\/div><\/div><\/div><div class=\"codevz-added-to-cart-notif\"><i class=\"fa fa-check\"><\/i><span>\"<strong><\/strong>\" has been added to your cart.<a class=\"button\" href=\"https:\/\/pajarita.com\/fr\/panier\/\">View cart<\/a><\/span><\/div><\/div>\t\t\t\t<\/div>\n\t\t\t\t<\/div>\n\t\t\t\t<div class=\"elementor-element elementor-element-9284545 elementor-grid-1 elementor-grid-tablet-1 elementor-grid-mobile-1 elementor-products-grid elementor-wc-products elementor-widget elementor-widget-wc-categories\" data-id=\"9284545\" data-element_type=\"widget\" data-widget_type=\"wc-categories.default\">\n\t\t\t\t<div class=\"elementor-widget-container\">\n\t\t\t\t\t<div class=\"woocommerce columns-1\"><ul class=\"products elementor-grid columns-1\">\n<li class=\"product-category product first\">\n\t<a aria-label=\"Acc\u00e9der \u00e0 la cat\u00e9gorie de produits Scies professionnelles\" href=\"https:\/\/pajarita.com\/fr\/categoria-producto\/scies-professionnelles\/\"><img decoding=\"async\" src=\"data:image\/svg+xml,%3Csvg%20xmlns%3D&#39;http%3A%2F%2Fwww.w3.org%2F2000%2Fsvg&#39;%20width=&#39;600&#39;%20height=&#39;&#39;%20viewBox%3D&#39;0%200%20600%20&#39;%2F%3E\" data-czlz data-src=\"https:\/\/pajarita.com\/wp-content\/uploads\/2025\/01\/serruchos-profesionales.jpg\" alt=\"Scies professionnelles\" width=\"600\" height=\"\" \/>\t\t<h2 class=\"woocommerce-loop-category__title\">\n\t\t\tScies professionnelles <mark class=\"count\">(7)<\/mark>\t\t<\/h2>\n\t\t<\/a><\/li>\n<\/ul>\n<div id=\"cz_xtra_quick_view\" class=\"cz_xtra_quick_view\"><div id=\"xtra_quick_view\" class=\"cz_popup_modal clr\"><div class=\"cz_popup_in\"><div><\/div><\/div><i class=\"fa czico-198-cancel cz_close_popup\"><\/i><div class=\"cz_overlay\"><\/div><\/div><\/div><div id=\"cz_xtra_wish_compare\" class=\"cz_xtra_wish_compare\"><div id=\"xtra_wish_compare\" class=\"cz_popup_modal clr\"><div class=\"cz_popup_in\"><div><i class=\"fa fa-check\"><\/i><h3>...<\/h3><span>Product has been added to your list.<\/span><a href=\"#\" class=\"button\"><span><strong><\/strong><i class=\"fas fa-chevron-right\"><\/i><\/span><\/a><\/div><\/div><i class=\"fa czico-198-cancel cz_close_popup\"><\/i><div class=\"cz_overlay\"><\/div><\/div><\/div><div class=\"codevz-added-to-cart-notif\"><i class=\"fa fa-check\"><\/i><span>\"<strong><\/strong>\" has been added to your cart.<a class=\"button\" href=\"https:\/\/pajarita.com\/fr\/panier\/\">View cart<\/a><\/span><\/div><\/div>\t\t\t\t<\/div>\n\t\t\t\t<\/div>\n\t\t\t\t<div class=\"elementor-element elementor-element-71d9214 elementor-grid-1 elementor-grid-tablet-1 elementor-grid-mobile-1 elementor-products-grid elementor-wc-products elementor-widget elementor-widget-wc-categories\" data-id=\"71d9214\" data-element_type=\"widget\" data-widget_type=\"wc-categories.default\">\n\t\t\t\t<div class=\"elementor-widget-container\">\n\t\t\t\t\t<div class=\"woocommerce columns-1\"><ul class=\"products elementor-grid columns-1\">\n<li class=\"product-category product first\">\n\t<a aria-label=\"Acc\u00e9der \u00e0 la cat\u00e9gorie de produits Faux\" href=\"https:\/\/pajarita.com\/fr\/categoria-producto\/faux\/\"><img decoding=\"async\" src=\"data:image\/svg+xml,%3Csvg%20xmlns%3D&#39;http%3A%2F%2Fwww.w3.org%2F2000%2Fsvg&#39;%20width=&#39;600&#39;%20height=&#39;&#39;%20viewBox%3D&#39;0%200%20600%20&#39;%2F%3E\" data-czlz data-src=\"https:\/\/pajarita.com\/wp-content\/uploads\/2025\/01\/Guadanas.jpg\" alt=\"Faux\" width=\"600\" height=\"\" \/>\t\t<h2 class=\"woocommerce-loop-category__title\">\n\t\t\tFaux <mark class=\"count\">(3)<\/mark>\t\t<\/h2>\n\t\t<\/a><\/li>\n<\/ul>\n<div id=\"cz_xtra_quick_view\" class=\"cz_xtra_quick_view\"><div id=\"xtra_quick_view\" class=\"cz_popup_modal clr\"><div class=\"cz_popup_in\"><div><\/div><\/div><i class=\"fa czico-198-cancel cz_close_popup\"><\/i><div class=\"cz_overlay\"><\/div><\/div><\/div><div id=\"cz_xtra_wish_compare\" class=\"cz_xtra_wish_compare\"><div id=\"xtra_wish_compare\" class=\"cz_popup_modal clr\"><div class=\"cz_popup_in\"><div><i class=\"fa fa-check\"><\/i><h3>...<\/h3><span>Product has been added to your list.<\/span><a href=\"#\" class=\"button\"><span><strong><\/strong><i class=\"fas fa-chevron-right\"><\/i><\/span><\/a><\/div><\/div><i class=\"fa czico-198-cancel cz_close_popup\"><\/i><div class=\"cz_overlay\"><\/div><\/div><\/div><div class=\"codevz-added-to-cart-notif\"><i class=\"fa fa-check\"><\/i><span>\"<strong><\/strong>\" has been added to your cart.<a class=\"button\" href=\"https:\/\/pajarita.com\/fr\/panier\/\">View cart<\/a><\/span><\/div><\/div>\t\t\t\t<\/div>\n\t\t\t\t<\/div>\n\t\t\t\t<div class=\"elementor-element elementor-element-b35deef elementor-grid-1 elementor-grid-tablet-1 elementor-grid-mobile-1 elementor-products-grid elementor-wc-products elementor-widget elementor-widget-wc-categories\" data-id=\"b35deef\" data-element_type=\"widget\" data-widget_type=\"wc-categories.default\">\n\t\t\t\t<div class=\"elementor-widget-container\">\n\t\t\t\t\t<div class=\"woocommerce columns-1\"><ul class=\"products elementor-grid columns-1\">\n<li class=\"product-category product first\">\n\t<a aria-label=\"Acc\u00e9der \u00e0 la cat\u00e9gorie de produits Autres outils\" href=\"https:\/\/pajarita.com\/fr\/categoria-producto\/autres-outils\/\"><img decoding=\"async\" src=\"data:image\/svg+xml,%3Csvg%20xmlns%3D&#39;http%3A%2F%2Fwww.w3.org%2F2000%2Fsvg&#39;%20width=&#39;600&#39;%20height=&#39;&#39;%20viewBox%3D&#39;0%200%20600%20&#39;%2F%3E\" data-czlz data-src=\"https:\/\/pajarita.com\/wp-content\/uploads\/2025\/01\/otras-herramientas.jpg\" alt=\"Autres outils\" width=\"600\" height=\"\" \/>\t\t<h2 class=\"woocommerce-loop-category__title\">\n\t\t\tAutres outils <mark class=\"count\">(24)<\/mark>\t\t<\/h2>\n\t\t<\/a><\/li>\n<\/ul>\n<div id=\"cz_xtra_quick_view\" class=\"cz_xtra_quick_view\"><div id=\"xtra_quick_view\" class=\"cz_popup_modal clr\"><div class=\"cz_popup_in\"><div><\/div><\/div><i class=\"fa czico-198-cancel cz_close_popup\"><\/i><div class=\"cz_overlay\"><\/div><\/div><\/div><div id=\"cz_xtra_wish_compare\" class=\"cz_xtra_wish_compare\"><div id=\"xtra_wish_compare\" class=\"cz_popup_modal clr\"><div class=\"cz_popup_in\"><div><i class=\"fa fa-check\"><\/i><h3>...<\/h3><span>Product has been added to your list.<\/span><a href=\"#\" class=\"button\"><span><strong><\/strong><i class=\"fas fa-chevron-right\"><\/i><\/span><\/a><\/div><\/div><i class=\"fa czico-198-cancel cz_close_popup\"><\/i><div class=\"cz_overlay\"><\/div><\/div><\/div><div class=\"codevz-added-to-cart-notif\"><i class=\"fa fa-check\"><\/i><span>\"<strong><\/strong>\" has been added to your cart.<a class=\"button\" href=\"https:\/\/pajarita.com\/fr\/panier\/\">View cart<\/a><\/span><\/div><\/div>\t\t\t\t<\/div>\n\t\t\t\t<\/div>\n\t\t\t\t<div class=\"elementor-element elementor-element-a5f5687 elementor-grid-1 elementor-grid-tablet-1 elementor-grid-mobile-1 elementor-products-grid elementor-wc-products elementor-widget elementor-widget-wc-categories\" data-id=\"a5f5687\" data-element_type=\"widget\" data-widget_type=\"wc-categories.default\">\n\t\t\t\t<div class=\"elementor-widget-container\">\n\t\t\t\t\t<div class=\"woocommerce columns-1\"><ul class=\"products elementor-grid columns-1\">\n<li class=\"product-category product first\">\n\t<a aria-label=\"Acc\u00e9der \u00e0 la cat\u00e9gorie de produits Pi\u00e8ces d\u00e9tach\u00e9es\" href=\"https:\/\/pajarita.com\/fr\/categoria-producto\/pieces-detachees\/\"><img decoding=\"async\" src=\"data:image\/svg+xml,%3Csvg%20xmlns%3D&#39;http%3A%2F%2Fwww.w3.org%2F2000%2Fsvg&#39;%20width=&#39;600&#39;%20height=&#39;&#39;%20viewBox%3D&#39;0%200%20600%20&#39;%2F%3E\" data-czlz data-src=\"https:\/\/pajarita.com\/wp-content\/uploads\/2025\/01\/recambios.jpg\" alt=\"Pi\u00e8ces d\u00e9tach\u00e9es\" width=\"600\" height=\"\" \/>\t\t<h2 class=\"woocommerce-loop-category__title\">\n\t\t\tPi\u00e8ces d\u00e9tach\u00e9es <mark class=\"count\">(36)<\/mark>\t\t<\/h2>\n\t\t<\/a><\/li>\n<\/ul>\n<div id=\"cz_xtra_quick_view\" class=\"cz_xtra_quick_view\"><div id=\"xtra_quick_view\" class=\"cz_popup_modal clr\"><div class=\"cz_popup_in\"><div><\/div><\/div><i class=\"fa czico-198-cancel cz_close_popup\"><\/i><div class=\"cz_overlay\"><\/div><\/div><\/div><div id=\"cz_xtra_wish_compare\" class=\"cz_xtra_wish_compare\"><div id=\"xtra_wish_compare\" class=\"cz_popup_modal clr\"><div class=\"cz_popup_in\"><div><i class=\"fa fa-check\"><\/i><h3>...<\/h3><span>Product has been added to your list.<\/span><a href=\"#\" class=\"button\"><span><strong><\/strong><i class=\"fas fa-chevron-right\"><\/i><\/span><\/a><\/div><\/div><i class=\"fa czico-198-cancel cz_close_popup\"><\/i><div class=\"cz_overlay\"><\/div><\/div><\/div><div class=\"codevz-added-to-cart-notif\"><i class=\"fa fa-check\"><\/i><span>\"<strong><\/strong>\" has been added to your cart.<a class=\"button\" href=\"https:\/\/pajarita.com\/fr\/panier\/\">View cart<\/a><\/span><\/div><\/div>\t\t\t\t<\/div>\n\t\t\t\t<\/div>\n\t\t\t\t<div class=\"elementor-element elementor-element-650c944 elementor-grid-1 elementor-grid-tablet-1 elementor-grid-mobile-1 elementor-products-grid elementor-wc-products elementor-widget elementor-widget-wc-categories\" data-id=\"650c944\" data-element_type=\"widget\" data-widget_type=\"wc-categories.default\">\n\t\t\t\t<div class=\"elementor-widget-container\">\n\t\t\t\t\t<div class=\"woocommerce columns-1\"><ul class=\"products elementor-grid columns-1\">\n<li class=\"product-category product first\">\n\t<a aria-label=\"Acc\u00e9der \u00e0 la cat\u00e9gorie de produits Houes\" href=\"https:\/\/pajarita.com\/fr\/categoria-producto\/houes\/\"><img decoding=\"async\" src=\"data:image\/svg+xml,%3Csvg%20xmlns%3D&#39;http%3A%2F%2Fwww.w3.org%2F2000%2Fsvg&#39;%20width=&#39;600&#39;%20height=&#39;&#39;%20viewBox%3D&#39;0%200%20600%20&#39;%2F%3E\" data-czlz data-src=\"https:\/\/pajarita.com\/wp-content\/uploads\/2025\/01\/azadas.jpg\" alt=\"Houes\" width=\"600\" height=\"\" data-srcset=\"https:\/\/pajarita.com\/wp-content\/uploads\/2025\/01\/azadas.jpg 220w, https:\/\/pajarita.com\/wp-content\/uploads\/2025\/01\/azadas-217x300.jpg 217w\" data-sizes=\"(max-width: 220px) 100vw, 220px\" \/>\t\t<h2 class=\"woocommerce-loop-category__title\">\n\t\t\tHoues <mark class=\"count\">(44)<\/mark>\t\t<\/h2>\n\t\t<\/a><\/li>\n<\/ul>\n<div id=\"cz_xtra_quick_view\" class=\"cz_xtra_quick_view\"><div id=\"xtra_quick_view\" class=\"cz_popup_modal clr\"><div class=\"cz_popup_in\"><div><\/div><\/div><i class=\"fa czico-198-cancel cz_close_popup\"><\/i><div class=\"cz_overlay\"><\/div><\/div><\/div><div id=\"cz_xtra_wish_compare\" class=\"cz_xtra_wish_compare\"><div id=\"xtra_wish_compare\" class=\"cz_popup_modal clr\"><div class=\"cz_popup_in\"><div><i class=\"fa fa-check\"><\/i><h3>...<\/h3><span>Product has been added to your list.<\/span><a href=\"#\" class=\"button\"><span><strong><\/strong><i class=\"fas fa-chevron-right\"><\/i><\/span><\/a><\/div><\/div><i class=\"fa czico-198-cancel cz_close_popup\"><\/i><div class=\"cz_overlay\"><\/div><\/div><\/div><div class=\"codevz-added-to-cart-notif\"><i class=\"fa fa-check\"><\/i><span>\"<strong><\/strong>\" has been added to your cart.<a class=\"button\" href=\"https:\/\/pajarita.com\/fr\/panier\/\">View cart<\/a><\/span><\/div><\/div>\t\t\t\t<\/div>\n\t\t\t\t<\/div>\n\t\t\t\t<div class=\"elementor-element elementor-element-77e46d6 elementor-grid-1 elementor-grid-tablet-1 elementor-grid-mobile-1 elementor-products-grid elementor-wc-products elementor-widget elementor-widget-wc-categories\" data-id=\"77e46d6\" data-element_type=\"widget\" data-widget_type=\"wc-categories.default\">\n\t\t\t\t<div class=\"elementor-widget-container\">\n\t\t\t\t\t<div class=\"woocommerce columns-1\"><ul class=\"products elementor-grid columns-1\">\n<li class=\"product-category product first\">\n\t<a aria-label=\"Acc\u00e9der \u00e0 la cat\u00e9gorie de produits Couteaux et Canifs\" href=\"https:\/\/pajarita.com\/fr\/categoria-producto\/couteaux-et-canifs\/\"><img decoding=\"async\" src=\"data:image\/svg+xml,%3Csvg%20xmlns%3D&#39;http%3A%2F%2Fwww.w3.org%2F2000%2Fsvg&#39;%20width=&#39;600&#39;%20height=&#39;&#39;%20viewBox%3D&#39;0%200%20600%20&#39;%2F%3E\" data-czlz data-src=\"https:\/\/pajarita.com\/wp-content\/uploads\/2025\/01\/cuchillos-y-navajas.jpg\" alt=\"Couteaux et Canifs\" width=\"600\" height=\"\" \/>\t\t<h2 class=\"woocommerce-loop-category__title\">\n\t\t\tCouteaux et Canifs <mark class=\"count\">(15)<\/mark>\t\t<\/h2>\n\t\t<\/a><\/li>\n<\/ul>\n<div id=\"cz_xtra_quick_view\" class=\"cz_xtra_quick_view\"><div id=\"xtra_quick_view\" class=\"cz_popup_modal clr\"><div class=\"cz_popup_in\"><div><\/div><\/div><i class=\"fa czico-198-cancel cz_close_popup\"><\/i><div class=\"cz_overlay\"><\/div><\/div><\/div><div id=\"cz_xtra_wish_compare\" class=\"cz_xtra_wish_compare\"><div id=\"xtra_wish_compare\" class=\"cz_popup_modal clr\"><div class=\"cz_popup_in\"><div><i class=\"fa fa-check\"><\/i><h3>...<\/h3><span>Product has been added to your list.<\/span><a href=\"#\" class=\"button\"><span><strong><\/strong><i class=\"fas fa-chevron-right\"><\/i><\/span><\/a><\/div><\/div><i class=\"fa czico-198-cancel cz_close_popup\"><\/i><div class=\"cz_overlay\"><\/div><\/div><\/div><div class=\"codevz-added-to-cart-notif\"><i class=\"fa fa-check\"><\/i><span>\"<strong><\/strong>\" has been added to your cart.<a class=\"button\" href=\"https:\/\/pajarita.com\/fr\/panier\/\">View cart<\/a><\/span><\/div><\/div>\t\t\t\t<\/div>\n\t\t\t\t<\/div>\n\t\t\t\t<div class=\"elementor-element elementor-element-dc2931f elementor-grid-1 elementor-grid-tablet-1 elementor-grid-mobile-1 elementor-products-grid elementor-wc-products elementor-widget elementor-widget-wc-categories\" data-id=\"dc2931f\" data-element_type=\"widget\" data-widget_type=\"wc-categories.default\">\n\t\t\t\t<div class=\"elementor-widget-container\">\n\t\t\t\t\t<div class=\"woocommerce columns-1\"><ul class=\"products elementor-grid columns-1\">\n<li class=\"product-category product first\">\n\t<a aria-label=\"Acc\u00e9der \u00e0 la cat\u00e9gorie de produits Manches\" href=\"https:\/\/pajarita.com\/fr\/categoria-producto\/manches\/\"><img decoding=\"async\" src=\"data:image\/svg+xml,%3Csvg%20xmlns%3D&#39;http%3A%2F%2Fwww.w3.org%2F2000%2Fsvg&#39;%20width=&#39;600&#39;%20height=&#39;&#39;%20viewBox%3D&#39;0%200%20600%20&#39;%2F%3E\" data-czlz data-src=\"https:\/\/pajarita.com\/wp-content\/uploads\/2025\/02\/copia_2_6-azada-cvadrada-600x400.jpg\" alt=\"Manches\" width=\"600\" height=\"\" data-srcset=\"https:\/\/pajarita.com\/wp-content\/uploads\/2025\/02\/copia_2_6-azada-cvadrada-600x400.jpg 600w, https:\/\/pajarita.com\/wp-content\/uploads\/2025\/02\/copia_2_6-azada-cvadrada-1000x666.jpg 1000w, https:\/\/pajarita.com\/wp-content\/uploads\/2025\/02\/copia_2_6-azada-cvadrada-1024x682.jpg 1024w, https:\/\/pajarita.com\/wp-content\/uploads\/2025\/02\/copia_2_6-azada-cvadrada-768x512.jpg 768w, https:\/\/pajarita.com\/wp-content\/uploads\/2025\/02\/copia_2_6-azada-cvadrada.jpg 1100w\" data-sizes=\"(max-width: 600px) 100vw, 600px\" \/>\t\t<h2 class=\"woocommerce-loop-category__title\">\n\t\t\tManches <mark class=\"count\">(63)<\/mark>\t\t<\/h2>\n\t\t<\/a><\/li>\n<\/ul>\n<div id=\"cz_xtra_quick_view\" class=\"cz_xtra_quick_view\"><div id=\"xtra_quick_view\" class=\"cz_popup_modal clr\"><div class=\"cz_popup_in\"><div><\/div><\/div><i class=\"fa czico-198-cancel cz_close_popup\"><\/i><div class=\"cz_overlay\"><\/div><\/div><\/div><div id=\"cz_xtra_wish_compare\" class=\"cz_xtra_wish_compare\"><div id=\"xtra_wish_compare\" class=\"cz_popup_modal clr\"><div class=\"cz_popup_in\"><div><i class=\"fa fa-check\"><\/i><h3>...<\/h3><span>Product has been added to your list.<\/span><a href=\"#\" class=\"button\"><span><strong><\/strong><i class=\"fas fa-chevron-right\"><\/i><\/span><\/a><\/div><\/div><i class=\"fa czico-198-cancel cz_close_popup\"><\/i><div class=\"cz_overlay\"><\/div><\/div><\/div><div class=\"codevz-added-to-cart-notif\"><i class=\"fa fa-check\"><\/i><span>\"<strong><\/strong>\" has been added to your cart.<a class=\"button\" href=\"https:\/\/pajarita.com\/fr\/panier\/\">View cart<\/a><\/span><\/div><\/div>\t\t\t\t<\/div>\n\t\t\t\t<\/div>\n\t\t\t\t\t<\/div>\n\t\t\t\t<\/div>\n\t\t\t\t<\/div>\n\t\t","protected":false},"excerpt":{"rendered":"","protected":false},"author":1,"featured_media":0,"parent":0,"menu_order":0,"comment_status":"closed","ping_status":"closed","template":"","meta":{"footnotes":""},"class_list":["post-6158","page","type-page","status-publish","hentry"],"_links":{"self":[{"href":"https:\/\/pajarita.com\/fr\/wp-json\/wp\/v2\/pages\/6158","targetHints":{"allow":["GET"]}}],"collection":[{"href":"https:\/\/pajarita.com\/fr\/wp-json\/wp\/v2\/pages"}],"about":[{"href":"https:\/\/pajarita.com\/fr\/wp-json\/wp\/v2\/types\/page"}],"author":[{"embeddable":true,"href":"https:\/\/pajarita.com\/fr\/wp-json\/wp\/v2\/users\/1"}],"replies":[{"embeddable":true,"href":"https:\/\/pajarita.com\/fr\/wp-json\/wp\/v2\/comments?post=6158"}],"version-history":[{"count":8,"href":"https:\/\/pajarita.com\/fr\/wp-json\/wp\/v2\/pages\/6158\/revisions"}],"predecessor-version":[{"id":7113,"href":"https:\/\/pajarita.com\/fr\/wp-json\/wp\/v2\/pages\/6158\/revisions\/7113"}],"wp:attachment":[{"href":"https:\/\/pajarita.com\/fr\/wp-json\/wp\/v2\/media?parent=6158"}],"curies":[{"name":"wp","href":"https:\/\/api.w.org\/{rel}","templated":true}]}}