{"id":6156,"date":"2025-01-02T09:20:43","date_gmt":"2025-01-02T09:20:43","guid":{"rendered":"https:\/\/pajarita.ibiscomputer.support\/entreprise\/"},"modified":"2025-02-07T11:16:55","modified_gmt":"2025-02-07T11:16:55","slug":"entreprise","status":"publish","type":"page","link":"https:\/\/pajarita.com\/fr\/entreprise\/","title":{"rendered":"Entreprise"},"content":{"rendered":"\t\t<div data-elementor-type=\"wp-page\" data-elementor-id=\"6156\" class=\"elementor elementor-6156 elementor-3043\" data-elementor-post-type=\"page\">\n\t\t\t\t\t\t<section class=\"elementor-section elementor-top-section elementor-element elementor-element-4a673ec7 elementor-section-content-middle elementor-section-stretched elementor-section-boxed elementor-section-height-default elementor-section-height-default\" data-id=\"4a673ec7\" data-element_type=\"section\" data-settings=\"{&quot;stretch_section&quot;:&quot;section-stretched&quot;}\">\n\t\t\t\t\t\t<div class=\"elementor-container elementor-column-gap-default\">\n\t\t\t\t\t<div class=\"elementor-column elementor-col-50 elementor-top-column elementor-element elementor-element-4b4433a4\" data-id=\"4b4433a4\" data-element_type=\"column\">\n\t\t\t<div class=\"elementor-widget-wrap elementor-element-populated\">\n\t\t\t\t\t\t<div class=\"elementor-element elementor-element-2ea6866f elementor-widget elementor-widget-cz_title\" data-id=\"2ea6866f\" data-element_type=\"widget\" data-widget_type=\"cz_title.default\">\n\t\t\t\t<div class=\"elementor-widget-container\">\n\t\t\t\t\t\t\r\n\t\t<div>\r\n\t\t\t<div class=\"cz_title clr cz_mobile_text_center cz_title_pos_inline\"><div class=\"cz_title_content\"><div class=\"cz_wpe_content\"><h3>Entreprise<\/h3>\n<\/div><\/div><\/div>\r\n\t\t<\/div>\r\n\t\t\r\n\t\t\t\t\t\t<\/div>\n\t\t\t\t<\/div>\n\t\t\t\t<div class=\"elementor-element elementor-element-445905e2 elementor-widget elementor-widget-cz_title\" data-id=\"445905e2\" data-element_type=\"widget\" data-widget_type=\"cz_title.default\">\n\t\t\t\t<div class=\"elementor-widget-container\">\n\t\t\t\t\t\t\r\n\t\t<div>\r\n\t\t\t<div class=\"cz_title clr cz_mobile_text_center cz_title_pos_inline\"><div class=\"cz_title_content\"><div class=\"cz_wpe_content\"><p><span style=\"color: #888;\">La Pajarita Herramientas, fond\u00e9e en 1940 et leader \u00e0 l'exportation depuis 1979, est le plus grand fabricant de faucilles en Europe et l'un des principaux fabricants d'outils agricoles au monde.<\/span><\/p>\n<\/div><\/div><\/div>\r\n\t\t<\/div>\r\n\t\t\r\n\t\t\t\t\t\t<\/div>\n\t\t\t\t<\/div>\n\t\t\t\t<div class=\"elementor-element elementor-element-6063e071 elementor-widget elementor-widget-cz_gap\" data-id=\"6063e071\" data-element_type=\"widget\" data-widget_type=\"cz_gap.default\">\n\t\t\t\t<div class=\"elementor-widget-container\">\n\t\t\t\t\t<div class=\"cz_gap clr\"><\/div>\t\t\t\t<\/div>\n\t\t\t\t<\/div>\n\t\t\t\t<section class=\"elementor-section elementor-inner-section elementor-element elementor-element-36acf976 elementor-section-boxed elementor-section-height-default elementor-section-height-default\" data-id=\"36acf976\" data-element_type=\"section\">\n\t\t\t\t\t\t<div class=\"elementor-container elementor-column-gap-default\">\n\t\t\t\t\t<div class=\"elementor-column elementor-col-100 elementor-inner-column elementor-element elementor-element-2f65f6a1\" data-id=\"2f65f6a1\" data-element_type=\"column\">\n\t\t\t<div class=\"elementor-widget-wrap elementor-element-populated\">\n\t\t\t\t\t\t<div class=\"elementor-element elementor-element-72db293 elementor-widget elementor-widget-cz_stylish_list\" data-id=\"72db293\" data-element_type=\"widget\" data-widget_type=\"cz_stylish_list.default\">\n\t\t\t\t<div class=\"elementor-widget-container\">\n\t\t\t\t\t<ul class=\"cz_stylish_list clr cz_sl_icon_hover_zoom_out\"><li class=\"elementor-repeater-item-539a83d clr\"><div class=\"cz_sl_icon\"><i class=\"mr10 fas fa-check\"><\/i><\/div><div><span>Le plus grand <b>fabricant<\/b> europ\u00e9en <b>de faucilles<\/b>  <\/span><\/div><\/li><li class=\"elementor-repeater-item-3672af8 clr\"><div class=\"cz_sl_icon\"><i class=\"mr10 fas fa-check\"><\/i><\/div><div><span>Leader \u00e0 <b>l'exportation<\/b> depuis 1979  <\/span><\/div><\/li><li class=\"elementor-repeater-item-ddcbebe clr\"><div class=\"cz_sl_icon\"><i class=\"mr10 fas fa-check\"><\/i><\/div><div><span>Entreprise <b>100% familiale<\/b> fond\u00e9e en 1940  <\/span><\/div><\/li><\/ul>\t\t\t\t<\/div>\n\t\t\t\t<\/div>\n\t\t\t\t\t<\/div>\n\t\t<\/div>\n\t\t\t\t\t<\/div>\n\t\t<\/section>\n\t\t\t\t\t<\/div>\n\t\t<\/div>\n\t\t\t\t<div class=\"elementor-column elementor-col-50 elementor-top-column elementor-element elementor-element-222cfc2c\" data-id=\"222cfc2c\" data-element_type=\"column\">\n\t\t\t<div class=\"elementor-widget-wrap elementor-element-populated\">\n\t\t\t\t\t\t<div class=\"elementor-element elementor-element-7455abf7 elementor-widget elementor-widget-cz_image\" data-id=\"7455abf7\" data-element_type=\"widget\" data-widget_type=\"cz_image.default\">\n\t\t\t\t<div class=\"elementor-widget-container\">\n\t\t\t\t\t\r\n\t\t<div class=\"cz_image clr cz_image_no_fx center_on_mobile\">\r\n\r\n\t\t\t<div>\r\n\r\n\t\t\t\t<div class=\"cz_image_in\">\r\n\r\n\t\t\t\t\t<div class=\"cz_main_image\"><img fetchpriority=\"high\" decoding=\"async\" width=\"578\" height=\"383\" src=\"data:image\/svg+xml,%3Csvg%20xmlns%3D&#39;http%3A%2F%2Fwww.w3.org%2F2000%2Fsvg&#39;%20width=&#39;578&#39;%20height=&#39;383&#39;%20viewBox%3D&#39;0%200%20578%20383&#39;%2F%3E\" data-czlz data-src=\"https:\/\/pajarita.com\/wp-content\/uploads\/2025\/02\/empresa_p.jpg\" class=\"attachment-full size-full wp-image-6106\" alt=\"\" \/><\/div>\r\n\r\n\t\t\t\t\t<div class=\"cz_hover_image\"><img fetchpriority=\"high\" decoding=\"async\" width=\"578\" height=\"383\" src=\"data:image\/svg+xml,%3Csvg%20xmlns%3D&#39;http%3A%2F%2Fwww.w3.org%2F2000%2Fsvg&#39;%20width=&#39;578&#39;%20height=&#39;383&#39;%20viewBox%3D&#39;0%200%20578%20383&#39;%2F%3E\" data-czlz data-src=\"https:\/\/pajarita.com\/wp-content\/uploads\/2025\/02\/empresa_p.jpg\" class=\"attachment-full size-full wp-image-6106\" alt=\"\" \/><\/div>\r\n\t\t\t\t<\/div>\r\n\r\n\t\t\t\t\r\n\t\t\t<\/div>\r\n\r\n\t\t<\/div>\r\n\r\n\t\t\t\t\t\t<\/div>\n\t\t\t\t<\/div>\n\t\t\t\t\t<\/div>\n\t\t<\/div>\n\t\t\t\t\t<\/div>\n\t\t<\/section>\n\t\t\t\t<section class=\"elementor-section elementor-top-section elementor-element elementor-element-4736d52 elementor-section-content-middle elementor-reverse-tablet elementor-reverse-mobile elementor-section-boxed elementor-section-height-default elementor-section-height-default\" data-id=\"4736d52\" data-element_type=\"section\">\n\t\t\t\t\t\t<div class=\"elementor-container elementor-column-gap-default\">\n\t\t\t\t\t<div class=\"elementor-column elementor-col-50 elementor-top-column elementor-element elementor-element-8d54928\" data-id=\"8d54928\" data-element_type=\"column\">\n\t\t\t<div class=\"elementor-widget-wrap elementor-element-populated\">\n\t\t\t\t\t\t<div class=\"elementor-element elementor-element-2b8b7c1 elementor-widget elementor-widget-image\" data-id=\"2b8b7c1\" data-element_type=\"widget\" data-widget_type=\"image.default\">\n\t\t\t\t<div class=\"elementor-widget-container\">\n\t\t\t\t\t\t\t\t\t\t\t\t\t\t\t<img decoding=\"async\" width=\"1024\" height=\"683\" src=\"data:image\/svg+xml,%3Csvg%20xmlns%3D&#39;http%3A%2F%2Fwww.w3.org%2F2000%2Fsvg&#39;%20width=&#39;1024&#39;%20height=&#39;683&#39;%20viewBox%3D&#39;0%200%201024%20683&#39;%2F%3E\" data-czlz data-src=\"https:\/\/pajarita.com\/wp-content\/uploads\/2025\/02\/26320-1024x683.jpg\" class=\"attachment-large size-large wp-image-6127\" alt=\"\" data-srcset=\"https:\/\/pajarita.com\/wp-content\/uploads\/2025\/02\/26320-1024x683.jpg 1024w, https:\/\/pajarita.com\/wp-content\/uploads\/2025\/02\/26320-600x400.jpg 600w, https:\/\/pajarita.com\/wp-content\/uploads\/2025\/02\/26320-1000x667.jpg 1000w, https:\/\/pajarita.com\/wp-content\/uploads\/2025\/02\/26320-768x512.jpg 768w, https:\/\/pajarita.com\/wp-content\/uploads\/2025\/02\/26320.jpg 1500w\" data-sizes=\"(max-width: 1024px) 100vw, 1024px\" \/>\t\t\t\t\t\t\t\t\t\t\t\t\t\t\t<\/div>\n\t\t\t\t<\/div>\n\t\t\t\t\t<\/div>\n\t\t<\/div>\n\t\t\t\t<div class=\"elementor-column elementor-col-50 elementor-top-column elementor-element elementor-element-8c5602f\" data-id=\"8c5602f\" data-element_type=\"column\">\n\t\t\t<div class=\"elementor-widget-wrap elementor-element-populated\">\n\t\t\t\t\t\t<div class=\"elementor-element elementor-element-e95f917 elementor-widget elementor-widget-cz_title\" data-id=\"e95f917\" data-element_type=\"widget\" data-widget_type=\"cz_title.default\">\n\t\t\t\t<div class=\"elementor-widget-container\">\n\t\t\t\t\t\t\r\n\t\t<div>\r\n\t\t\t<div class=\"cz_title clr cz_mobile_text_center cz_title_pos_inline\"><div class=\"cz_title_content\"><div class=\"cz_wpe_content\"><h3><span style=\"color: #000001;\">La tradition. L'innovation. Qualit\u00e9<\/span><\/h3>\n<\/div><\/div><\/div>\r\n\t\t<\/div>\r\n\t\t\r\n\t\t\t\t\t\t<\/div>\n\t\t\t\t<\/div>\n\t\t\t\t<div class=\"elementor-element elementor-element-e81b161 elementor-widget elementor-widget-cz_title\" data-id=\"e81b161\" data-element_type=\"widget\" data-widget_type=\"cz_title.default\">\n\t\t\t\t<div class=\"elementor-widget-container\">\n\t\t\t\t\t\t\r\n\t\t<div>\r\n\t\t\t<div class=\"cz_title clr cz_mobile_text_center cz_title_pos_inline\"><div class=\"cz_title_content\"><div class=\"cz_wpe_content\"><p>Le niveau technologique atteint par notre entreprise nous permet d'obtenir les plus hauts niveaux de qualit\u00e9 tant dans la fabrication des faucilles, notre produit principal, que dans le reste des articles, offrant ainsi une garantie totale sur tous les outils que nous produisons. Nos m\u00e9thodes de fabrication, qui combinent innovation et syst\u00e8mes traditionnels, offrent \u00e0 nos clients une large gamme de produits.<\/p>\n<p>Tout au long de cette trajectoire, l'entreprise et ses produits ont acquis une reconnaissance internationale, comme en t\u00e9moignent les diff\u00e9rents prix re\u00e7us. Une prise en compte de la marque, du processus de fabrication, des produits et de la qualit\u00e9 qui se traduit par la pr\u00e9sence de nos outils dans 52 pays sur les cinq continents.<\/p>\n<\/div><\/div><\/div>\r\n\t\t<\/div>\r\n\t\t\r\n\t\t\t\t\t\t<\/div>\n\t\t\t\t<\/div>\n\t\t\t\t<div class=\"elementor-element elementor-element-b3f3f4e elementor-widget elementor-widget-cz_gallery\" data-id=\"b3f3f4e\" data-element_type=\"widget\" data-widget_type=\"cz_gallery.default\">\n\t\t\t\t<div class=\"elementor-widget-container\">\n\t\t\t\t\t<div class=\"cz_grid_p\"><div class=\"cz_grid cz_grid_1 clr cz_grid_c6 cz_grid_1_no_hover cz_grid_two_columns_on_mobile\"><div class=\"cz_grid_item cz_grid_first\"><\/div><\/div><\/div>\t\t\t\t<\/div>\n\t\t\t\t<\/div>\n\t\t\t\t\t<\/div>\n\t\t<\/div>\n\t\t\t\t\t<\/div>\n\t\t<\/section>\n\t\t\t\t<\/div>\n\t\t","protected":false},"excerpt":{"rendered":"<p>Entreprise La Pajarita Herramientas, fond\u00e9e en 1940 et leader \u00e0 l&rsquo;exportation &#8230; <\/p>\n","protected":false},"author":1,"featured_media":0,"parent":0,"menu_order":0,"comment_status":"closed","ping_status":"closed","template":"","meta":{"footnotes":""},"class_list":["post-6156","page","type-page","status-publish","hentry"],"_links":{"self":[{"href":"https:\/\/pajarita.com\/fr\/wp-json\/wp\/v2\/pages\/6156","targetHints":{"allow":["GET"]}}],"collection":[{"href":"https:\/\/pajarita.com\/fr\/wp-json\/wp\/v2\/pages"}],"about":[{"href":"https:\/\/pajarita.com\/fr\/wp-json\/wp\/v2\/types\/page"}],"author":[{"embeddable":true,"href":"https:\/\/pajarita.com\/fr\/wp-json\/wp\/v2\/users\/1"}],"replies":[{"embeddable":true,"href":"https:\/\/pajarita.com\/fr\/wp-json\/wp\/v2\/comments?post=6156"}],"version-history":[{"count":1,"href":"https:\/\/pajarita.com\/fr\/wp-json\/wp\/v2\/pages\/6156\/revisions"}],"predecessor-version":[{"id":6157,"href":"https:\/\/pajarita.com\/fr\/wp-json\/wp\/v2\/pages\/6156\/revisions\/6157"}],"wp:attachment":[{"href":"https:\/\/pajarita.com\/fr\/wp-json\/wp\/v2\/media?parent=6156"}],"curies":[{"name":"wp","href":"https:\/\/api.w.org\/{rel}","templated":true}]}}