{"id":3216,"date":"2025-01-02T13:17:04","date_gmt":"2025-01-02T13:17:04","guid":{"rendered":"https:\/\/pajarita.ibiscomputer.support\/?page_id=3216"},"modified":"2025-01-15T12:14:32","modified_gmt":"2025-01-15T12:14:32","slug":"politica-de-privacidad","status":"publish","type":"page","link":"https:\/\/pajarita.com\/en\/politica-de-privacidad\/","title":{"rendered":"Pol\u00edtica de privacidad"},"content":{"rendered":"<p><strong>GENERAL:<\/strong><\/p><p>A los efectos de lo previsto en la Ley Org\u00e1nica 15\/1999, de 13 de Diciembre, de Protecci\u00f3n de Datos de Car\u00e1cter Personal, INMAHER SL, le informa que cumple \u00edntegramente con la legislaci\u00f3n vigente en materia de protecci\u00f3n de datos de car\u00e1cter personal, y con los compromisos de confidencialidad propios de su actividad.<\/p><p>INMAHER SL, pone en su conocimiento la existencia de unos ficheros de datos de car\u00e1cter personal, titularidad de INMAHER SL, para las finalidades propias de gesti\u00f3n, comunicaci\u00f3n e informaci\u00f3n. Los citados ficheros se encuentran inscritos en el Registro General de la Agencia Espa\u00f1ola de Protecci\u00f3n de Datos, al que puede acceder el usuario para comprobar la situaci\u00f3n de los mismos.<\/p><p><strong>MEDIDAS Y NIVELES DE SEGURIDAD:<\/strong><\/p><p>INMAHER SL, ha adoptado las medidas necesarias para mantener el nivel de seguridad requerido, seg\u00fan la naturaleza de los datos personales tratados y las circunstancias del tratamiento, con el objeto de evitar, en la medida de lo posible y siempre seg\u00fan el estado de la t\u00e9cnica, su alteraci\u00f3n, p\u00e9rdida, tratamiento o acceso no autorizado.<\/p><p><strong>AMBITO DE APLICACI\u00d3N:<\/strong><\/p><p>La estructura de ficheros, equipos y sistemas de informaci\u00f3n con el objeto de dar cumplimiento a la legislaci\u00f3n vigente en materia de protecci\u00f3n de datos, se aplicar\u00e1n a todos los ficheros, temporales o permanentes, titularidad de INMAHER SL, que contengan datos de car\u00e1cter personal, as\u00ed como a cualquier equipo o sistema de informaci\u00f3n que los trate.<\/p><p>Todo el personal contratado por INMAHER SL y sus Encargados de Tratamiento, est\u00e1n obligados al cumplimiento de la citada normativa, con especial atenci\u00f3n en lo relativo a sus funciones y obligaciones, que ser\u00e1n debidamente determinadas por INMAHER SL.<\/p><p><strong>RECOGIDA DE DATOS:<\/strong><\/p><p>La aceptaci\u00f3n de las presentes condiciones, precisa del usuario la recogida de unos datos imprescindibles para la prestaci\u00f3n de sus servicios, que le ser\u00e1n solicitados personalmente a trav\u00e9s de formularios o de la p\u00e1gina Web. En el momento de la recogida de los datos, el usuario ser\u00e1 debidamente informado de los derechos que le asisten.<\/p><p>Para que la informaci\u00f3n que contienen nuestros ficheros est\u00e9 siempre actualizada y no contenga errores, pedimos a nuestros clientes y usuarios que nos comuniquen, a la mayor brevedad posible, las modificaciones y rectificaciones de sus datos de car\u00e1cter personal.<\/p><p><strong>EJERCICIO DE DERECHOS:<\/strong><\/p><p>Los derechos de acceso, rectificaci\u00f3n, cancelaci\u00f3n y oposici\u00f3n, podr\u00e1n ser ejercitados por el usuario, o quien a este represente, mediante solicitud escrita y firmada, dirigida a INMAHER SL, P. I. La Solana, Av. de los Industriales, s\/n, de La Solana, provincia de Ciudad Real, con C\u00f3digo Postal 13240, Espa\u00f1a. No obstante podr\u00e1n utilizarse otros medios que permitan reconocer la identidad del cliente que ejercite cualquiera de los anteriores derechos.<\/p><p><br><strong>CONSENTIMIENTO:<\/strong><\/p><p>El usuario prestar\u00e1 su consentimiento para que INMAHER SL pueda hacer uso de sus datos personales a fin de prestar un correcto cumplimiento de los servicios contratados.<\/p><p>La cumplimentaci\u00f3n del formulario incluido en el sitio o el env\u00edo de correos electr\u00f3nicos u otras comunicaciones a INMAHER SL, implica el consentimiento expreso del cliente a la inclusi\u00f3n de sus datos de car\u00e1cter personal en el referido fichero, titularidad de INMAHER SL<\/p><p>Al tiempo de la petici\u00f3n de esta informaci\u00f3n, se comunicar\u00e1 al cliente o usuario del destinatario de la informaci\u00f3n, de la finalidad para la cual se recogen los datos, de la identidad y direcci\u00f3n del Responsable del Fichero y de la facultad del usuario de ejercitar los derechos de acceso, rectificaci\u00f3n, cancelaci\u00f3n y oposici\u00f3n al tratamiento de sus datos.<\/p><p><strong>CESI\u00d3N A TERCEROS:<\/strong><\/p><p>INMAHER SL no cede datos de car\u00e1cter personal sin el consentimiento expreso de sus titulares, que deber\u00e1 ser concedido en cada ocasi\u00f3n, siendo s\u00f3lo cedidos con la finalidad expresada y siempre con el consentimiento del usuario o cliente.<\/p><p><strong>CONFIDENCIALIDAD Y SECRETO PROFESIONAL:<\/strong><\/p><p>Los datos recogidos en todas las comunicaciones privadas entre INMAHER SL y los clientes o usuarios ser\u00e1n tratados con absoluta confidencialidad, comprometi\u00e9ndose INMAHER SL a la obligaci\u00f3n de secreto de los datos de car\u00e1cter personal, a su deber de guardarlos y adoptar todas las medidas necesarias que eviten su alteraci\u00f3n, p\u00e9rdida y tratamiento o acceso no autorizado, de acuerdo con lo establecido en el Reglamento de Medidas de Seguridad de los Ficheros que contengan datos de car\u00e1cter personal.<\/p><p>Adem\u00e1s, tambi\u00e9n tendr\u00e1 la condici\u00f3n de confidencial la informaci\u00f3n de cualquier tipo que las partes intercambien entre s\u00ed, aquella que estas acuerden que tiene tal naturaleza, o la que simplemente verse sobre el contenido de dicha informaci\u00f3n. La visualizaci\u00f3n de datos a trav\u00e9s de Internet, no supondr\u00e1 el acceso directo a los mismos, salvo consentimiento expreso de su titular para cada ocasi\u00f3n.<\/p><p>Recomendamos al cliente que no facilite a tercero alguno su identificaci\u00f3n, contrase\u00f1a o n\u00fameros de referencia que INMAHER SL pudiera proporcionarle. Asimismo, para garantizar que la protecci\u00f3n del secreto profesional entre INMAHER SL y el cliente se preserve en todas las comunicaciones, el cliente\/usuario no debe revelar la informaci\u00f3n confidencial a terceros.<\/p><p><strong>CAMBIOS EN LA POL\u00cdTICA DE SEGURIDAD Y DE PROTECCI\u00d3N DE DATOS:<\/strong><\/p><p>INMAHER SL se reserva el derecho de modificar su pol\u00edtica de seguridad y protecci\u00f3n de datos con el objeto de adaptarlo a las novedades legislativas o jurisprudenciales, as\u00ed como las que pudieran derivarse de c\u00f3digos tipo existentes en la materia, o por decisiones corporativas estrat\u00e9gicas, con efectos de la fecha de publicaci\u00f3n de dicha modificaci\u00f3n en la p\u00e1gina Web de INMAHER SL.<\/p>","protected":false},"excerpt":{"rendered":"<p>GENERAL: A los efectos de lo previsto en la Ley Org\u00e1nica &#8230; <\/p>\n","protected":false},"author":1,"featured_media":0,"parent":0,"menu_order":0,"comment_status":"closed","ping_status":"closed","template":"","meta":{"footnotes":""},"class_list":["post-3216","page","type-page","status-publish","hentry"],"_links":{"self":[{"href":"https:\/\/pajarita.com\/en\/wp-json\/wp\/v2\/pages\/3216","targetHints":{"allow":["GET"]}}],"collection":[{"href":"https:\/\/pajarita.com\/en\/wp-json\/wp\/v2\/pages"}],"about":[{"href":"https:\/\/pajarita.com\/en\/wp-json\/wp\/v2\/types\/page"}],"author":[{"embeddable":true,"href":"https:\/\/pajarita.com\/en\/wp-json\/wp\/v2\/users\/1"}],"replies":[{"embeddable":true,"href":"https:\/\/pajarita.com\/en\/wp-json\/wp\/v2\/comments?post=3216"}],"version-history":[{"count":2,"href":"https:\/\/pajarita.com\/en\/wp-json\/wp\/v2\/pages\/3216\/revisions"}],"predecessor-version":[{"id":3331,"href":"https:\/\/pajarita.com\/en\/wp-json\/wp\/v2\/pages\/3216\/revisions\/3331"}],"wp:attachment":[{"href":"https:\/\/pajarita.com\/en\/wp-json\/wp\/v2\/media?parent=3216"}],"curies":[{"name":"wp","href":"https:\/\/api.w.org\/{rel}","templated":true}]}}