{"id":3214,"date":"2025-01-02T13:16:15","date_gmt":"2025-01-02T13:16:15","guid":{"rendered":"https:\/\/pajarita.ibiscomputer.support\/?page_id=3214"},"modified":"2025-01-15T12:15:52","modified_gmt":"2025-01-15T12:15:52","slug":"aviso-legal","status":"publish","type":"page","link":"https:\/\/pajarita.com\/en\/aviso-legal\/","title":{"rendered":"Aviso legal"},"content":{"rendered":"<p><strong>OBJETO:<\/strong><\/p><p>La presente p\u00e1gina Web ha sido dise\u00f1ada para dar a conocer los servicios ofertados por la entidad INMAHER SL, P. I. La Solana, Av. de los Industriales, s\/n, de La Solana, provincia de Ciudad Real, con C\u00f3digo Postal 13240, Espa\u00f1a; as\u00ed como para la recepci\u00f3n de posibles clientes, contactos comerciales y demandas de empleo.<\/p><p><strong>PROPIEDAD INTELECTUAL E INDUSTRIAL:<\/strong><\/p><p>Los derechos de propiedad intelectual de la p\u00e1gina www.pajarita.com su c\u00f3digo fuente, dise\u00f1o, estructuras de navegaci\u00f3n y los distintos elementos en ella contenidos son titularidad de INMAHER SL, a quien corresponde el ejercicio exclusivo de los derechos de explotaci\u00f3n de los mismos en cualquier forma y, en especial, los derechos de reproducci\u00f3n, distribuci\u00f3n, comunicaci\u00f3n p\u00fablica y transformaci\u00f3n, de acuerdo con la legislaci\u00f3n espa\u00f1ola y de la uni\u00f3n europea aplicable.<\/p><p>El portal de INMAHER SL, las p\u00e1ginas que comprende y la informaci\u00f3n o elementos contenidos en las mismas, incluyen textos, documentos, fotograf\u00edas, dibujos, representaciones gr\u00e1ficas, programas inform\u00e1ticos, as\u00ed como logotipos, marcas, nombres comerciales, u otros signos distintivos, protegidos por derechos de propiedad intelectual o industrial, de los que INMAHER SL son titulares o leg\u00edtimas licenciatarias.<\/p><p><strong>CONTENIDOS:<\/strong><\/p><p>Se facilita a trav\u00e9s de esta Web informaci\u00f3n acerca de servicios destinados a conocimiento p\u00fablico que en todo caso se sujetar\u00e1n a los t\u00e9rminos y condiciones expresamente detallados en cada momento y que son accesibles desde esta p\u00e1gina Web, los cuales se sujetar\u00e1n a las distintas disposiciones legales de aplicaci\u00f3n.<\/p><p><strong>ACCESO Y USO:<\/strong><\/p><p>Tanto el acceso a esta p\u00e1gina Web, como el uso que pueda hacerse de la informaci\u00f3n y contenidos incluidos en la misma, ser\u00e1 de la exclusiva responsabilidad de quien lo realice.<\/p><p>Las condiciones de acceso a este Web estar\u00e1n supeditadas a la legalidad vigente y los principios de la buena fe y uso l\u00edcito por parte del usuario de la misma, quedando prohibido con car\u00e1cter general cualquier tipo de actuaci\u00f3n en perjuicio de INMAHER SL.<\/p><p>Se considerar\u00e1 terminantemente prohibido el uso de la presente p\u00e1gina Web con fines ilegales o no autorizados.<\/p><p>Queda prohibida cualquier modalidad de explotaci\u00f3n, incluyendo todo tipo de reproducci\u00f3n, distribuci\u00f3n, cesi\u00f3n a terceros, comunicaci\u00f3n p\u00fablica y transformaci\u00f3n, mediante cualquier tipo de soporte y medio, de las obras antes referidas, creaciones y signos distintivos sin autorizaci\u00f3n previa y expresa de sus respectivos titulares. El incumplimiento de esta prohibici\u00f3n podr\u00e1 constituir infracci\u00f3n sancionable por la legislaci\u00f3n vigente.<\/p><p>No obstante, por su cuenta y riesgo, el usuario podr\u00e1 descargar o realizar copia de tales elementos exclusivamente para su uso personal, siempre que no infrinja ninguno de los derechos de propiedad intelectual o industrial de INMAHER SL, ni los altere total o parcialmente. En ning\u00fan caso, ello significar\u00e1 una autorizaci\u00f3n o licencia sobre los derechos de propiedad de INMAHER SL.<\/p><p>Queda prohibido, salvo en los casos que expresamente lo autorice INMAHER SL, presentar las p\u00e1ginas de INMAHER SL, o la informaci\u00f3n contenida en ellas bajo frames o marcos, signos distintivos, marcas o denominaciones sociales o comerciales de otra persona, empresa o entidad.<\/p><p><strong>RESPONSABILIDAD:<\/strong><\/p><p>INMAHER SL no se hace responsable bajo ning\u00fan concepto por ning\u00fan tipo de da\u00f1o que pudiesen ocasionar los Usuarios a la presente p\u00e1gina Web, o a cualquier otra, por el uso ilegal o indebido de la misma, o de los contenidos e informaciones accesibles o facilitadas a trav\u00e9s de ella.<\/p><p><strong>SERVICIO:<\/strong><\/p><p>INMAHER SL se reserva el derecho de suspender el acceso a su p\u00e1gina Web, sin previo aviso, de forma discrecional y temporal, por razones t\u00e9cnicas o de cualquier otra \u00edndole, pudiendo asimismo modificar unilateralmente tanto las condiciones de acceso, como la totalidad o parte de los contenidos en ella incluidos.<\/p><p><strong>GENERALES:<\/strong><\/p><p>Para toda cuesti\u00f3n litigiosa o que incumba a la P\u00e1gina Web de INMAHER SL, ser\u00e1 de aplicaci\u00f3n la legislaci\u00f3n espa\u00f1ola, siendo competentes para la resoluci\u00f3n de todos los conflictos derivados o relacionados con el uso de esta p\u00e1gina Web, los Juzgados y Tribunales del domicilio del usuario. El acceso a la p\u00e1gina Web de INMAHER SL implica la aceptaci\u00f3n de todas las condiciones anteriormente expresadas.<\/p><p><strong>HIPERENLACES:<\/strong><\/p><p>Los hiperenlaces contenidos en el sitio Web de INMAHER SL pueden dirigir a p\u00e1ginas Web de terceros. INMAHER SL no asume ninguna responsabilidad por el contenido, informaciones o servicios que pudieran aparecer en dichos sitios, que tendr\u00e1n exclusivamente car\u00e1cter informativo y que en ning\u00fan caso implican relaci\u00f3n alguna entre INMAHER SL y a las personas o entidades titulares de tales contenidos o titulares de los sitios donde se encuentren.<\/p>","protected":false},"excerpt":{"rendered":"<p>OBJETO: La presente p\u00e1gina Web ha sido dise\u00f1ada para dar a &#8230; <\/p>\n","protected":false},"author":1,"featured_media":0,"parent":0,"menu_order":0,"comment_status":"closed","ping_status":"closed","template":"","meta":{"footnotes":""},"class_list":["post-3214","page","type-page","status-publish","hentry"],"_links":{"self":[{"href":"https:\/\/pajarita.com\/en\/wp-json\/wp\/v2\/pages\/3214","targetHints":{"allow":["GET"]}}],"collection":[{"href":"https:\/\/pajarita.com\/en\/wp-json\/wp\/v2\/pages"}],"about":[{"href":"https:\/\/pajarita.com\/en\/wp-json\/wp\/v2\/types\/page"}],"author":[{"embeddable":true,"href":"https:\/\/pajarita.com\/en\/wp-json\/wp\/v2\/users\/1"}],"replies":[{"embeddable":true,"href":"https:\/\/pajarita.com\/en\/wp-json\/wp\/v2\/comments?post=3214"}],"version-history":[{"count":2,"href":"https:\/\/pajarita.com\/en\/wp-json\/wp\/v2\/pages\/3214\/revisions"}],"predecessor-version":[{"id":3332,"href":"https:\/\/pajarita.com\/en\/wp-json\/wp\/v2\/pages\/3214\/revisions\/3332"}],"wp:attachment":[{"href":"https:\/\/pajarita.com\/en\/wp-json\/wp\/v2\/media?parent=3214"}],"curies":[{"name":"wp","href":"https:\/\/api.w.org\/{rel}","templated":true}]}}